{"id":39,"date":"2014-10-10T16:54:56","date_gmt":"2014-10-10T15:54:56","guid":{"rendered":"http:\/\/douvreshandball.fr\/?page_id=39"},"modified":"2021-09-12T14:40:22","modified_gmt":"2021-09-12T13:40:22","slug":"historique","status":"publish","type":"page","link":"https:\/\/douvreshandball.fr\/?page_id=39","title":{"rendered":"Historique"},"content":{"rendered":"<h1 style=\"text-align: center;\"><span style=\"color: #ff6600;\">DOUVRES HANDBALL EN QUELQUES DATES<\/span><\/h1>\n<p><span style=\"color: #ff6600;\">Juillet et Aout 2021 :<\/span>\u00a0Un grand merci \u00e0 toutes les Communes pour nous avoir si chaleureusement accueillis pour notre 1\u00e8re \u00e9dition du DOUVRES HANDBALL TOUR 2K21. Le r\u00e9sultat global est tr\u00e8s positif, avec 12 demi-journ\u00e9es effectu\u00e9es, sur lesquelles se sont r\u00e9partis 14 animateurs pour 36 heures de pr\u00e9sence sur les animations, hors montage, d\u00e9montage du stand, d\u00e9placements entre les communes et temps de communications, pour un total global de 107 jeunes joueuses et joueurs pr\u00e9sents, hors comptage de plusieurs jeunes du club qui se sont \u00e9galement m\u00eal\u00e9s \u00e0 la f\u00eate. Encore merci \u00e0 nos jeunes joueurs du club, nos seniors f\u00e9minines et surtout, S\u00e9bastien d&rsquo;avoir chapeaut\u00e9 cette 1\u00e8re \u00e9dition, qui explique en partie le succ\u00e8s de cette op\u00e9ration.<\/p>\n<p>\u00a0\u00bb S\u00e9bastien \u00a0\u00bb Patrick \u00a0\u00bb Ga\u00eblle \u00a0\u00bb Marie \u00a0\u00bb Elsa \u00a0\u00bb Morgane \u00a0\u00bb Cerane \u00a0\u00bb Pierre \u00a0\u00bb Nathan \u00a0\u00bb Yohan \u00a0\u00bb Oscar \u00a0\u00bb Johann \u00a0\u00bb Th\u00e9ophile \u00a0\u00bb Tim\u00e9o<\/p>\n<p><a href=\"http:\/\/douvreshandball.fr\/wp-content\/uploads\/2014\/10\/Affiche-Handball-Tour-Liste-des-villes_page-00011.jpg\"><img loading=\"lazy\" decoding=\"async\" class=\"aligncenter wp-image-1013 size-medium\" src=\"http:\/\/douvreshandball.fr\/wp-content\/uploads\/2014\/10\/Affiche-Handball-Tour-Liste-des-villes_page-00011-212x300.jpg\" alt=\"Affiche Handball Tour - Liste des villes_page-0001\" width=\"212\" height=\"300\" \/><\/a><a href=\"http:\/\/douvreshandball.fr\/wp-content\/uploads\/2014\/10\/20210823_112117.jpg\"><img loading=\"lazy\" decoding=\"async\" class=\"alignleft wp-image-1014 size-thumbnail\" src=\"http:\/\/douvreshandball.fr\/wp-content\/uploads\/2014\/10\/20210823_112117-150x150.jpg\" alt=\"20210823_112117\" width=\"150\" height=\"150\" \/><\/a><a href=\"http:\/\/douvreshandball.fr\/wp-content\/uploads\/2014\/10\/IMG_7694.jpg\"><img loading=\"lazy\" decoding=\"async\" class=\"alignright wp-image-1012 size-thumbnail\" src=\"http:\/\/douvreshandball.fr\/wp-content\/uploads\/2014\/10\/IMG_7694-150x150.jpg\" alt=\"IMG_7694\" width=\"150\" height=\"150\" \/><\/a><\/p>\n<p>&nbsp;<\/p>\n<p>&nbsp;<\/p>\n<p>&nbsp;<\/p>\n<p>&nbsp;<\/p>\n<p><span style=\"color: #ff6600;\">08 juin 2019 :<\/span>\u00a0Les moins de 19 ans se sont rendus \u00e0 Bolbec pour jouer la super Finale 19 ans Territorial. L&rsquo;\u00e9quipe de Douvres a battu Carsix et remporte le titre de Champion de Normandie Territorial.<\/p>\n<p><span style=\"color: #ff6600;\"><a href=\"http:\/\/douvreshandball.fr\/wp-content\/uploads\/2014\/10\/19-ans-Champion-Normandie-Bolbec-26-mai-2019.jpg\"><img loading=\"lazy\" decoding=\"async\" class=\"aligncenter wp-image-672 size-medium\" src=\"http:\/\/douvreshandball.fr\/wp-content\/uploads\/2014\/10\/19-ans-Champion-Normandie-Bolbec-26-mai-2019-300x168.jpg\" alt=\"19 ans Champion Normandie Bolbec 26 mai 2019\" width=\"300\" height=\"168\" srcset=\"https:\/\/douvreshandball.fr\/wp-content\/uploads\/2014\/10\/19-ans-Champion-Normandie-Bolbec-26-mai-2019-300x168.jpg 300w, https:\/\/douvreshandball.fr\/wp-content\/uploads\/2014\/10\/19-ans-Champion-Normandie-Bolbec-26-mai-2019-900x500.jpg 900w, https:\/\/douvreshandball.fr\/wp-content\/uploads\/2014\/10\/19-ans-Champion-Normandie-Bolbec-26-mai-2019-250x140.jpg 250w, https:\/\/douvreshandball.fr\/wp-content\/uploads\/2014\/10\/19-ans-Champion-Normandie-Bolbec-26-mai-2019-1x1.jpg 1w, https:\/\/douvreshandball.fr\/wp-content\/uploads\/2014\/10\/19-ans-Champion-Normandie-Bolbec-26-mai-2019.jpg 960w\" sizes=\"auto, (max-width: 300px) 100vw, 300px\" \/><\/a><\/span><\/p>\n<p><span style=\"color: #ff6600;\">27 mai 2017 :<\/span> Pour la premi\u00e8re fois en Normandie, la Coupe de France D\u00e9partementale F\u00e9minine revient au club de Douvres HandBall, en battant la valeureuse \u00e9quipe de Lucq du B\u00e9arn et\u00a0son coach en kilt costard. L&rsquo;exp\u00e9rience de nos filles plus costaud physiquement a fait la diff\u00e9rence: Score 29 \u00e0 23. Belle rentr\u00e9e de Manon Lebrec et Armelle Marot de Cordoue Hecquart en inscrivant chacune 1 but. Et pour la toute premi\u00e8re fois dans cette comp\u00e9tition, l&rsquo;entr\u00e9e \u00e0 2 mm de la fin du match, de Jessica Constant (notre conductrice de bus) Aur\u00e9lie Ecalard, n&rsquo;a pas inscrit de but mais a eu un temps de jeu sup\u00e9rieur et la tache de prendre en strict la demi. R\u00f4le qu&rsquo;elle a su tenir parfaitement, tout en rectifiant sa couette \ud83d\ude09<\/p>\n<p><span style=\"color: #ff6600;\">Mai 2017 :<\/span> Ce n&rsquo;est pas loin de 300 supporters de Douvres Handball qui vont se d\u00e9placer \u00e0 l&rsquo;HotelAccors Arena de Paris Bercy le 27 mai, encourager les filles qui joueront la Finale de Coupe de France d\u00e9partementale samedi 27 mai 2017 \u00e0 10h00 du matin.<\/p>\n<p><span style=\"color: #ff6600;\">Septembre 2017 :<\/span> D&rsquo;Ex joueuses de Colombelles et autres clubs alentours sont venues nous exposer leur projet d&rsquo;atteindre la Finale de la Coupe de France \u00e0 l&rsquo;H\u00f4tel Accors Arena de Paris Bercy. Apr\u00e8s avoir consult\u00e9 nos filles et le Conseil d&rsquo;Administration, ce projet ne pouvait \u00eatre \u00e0 la fois, que b\u00e9n\u00e9fique pour la renomm\u00e9e du Club mais aussi donner de l&rsquo;exp\u00e9rience \u00e0 nos joueuses. Quelques filles ont su s&rsquo;ouvrir au jeu au contact de ses retrait\u00e9s et le projet propos\u00e9 atteint puisque le 27 mai, l&rsquo;\u00e9quipe \u00ab\u00a0Coupe de France\u00a0\u00bb jouera la Finale D\u00e9partementale F\u00e9minine contre l&rsquo;HBC Lucq de B\u00e9arn.<\/p>\n<p><span style=\"color: #ff6600;\">Juin 2016 :<\/span> L\u2019\u00e9quipe des moins de 17 ans remporte le championnat du Calvados Honneur, les S\u00e9niors masculin terminent 2\u00e8me et acc\u00e8dent au Championnat Excellence et les S\u00e9niors f\u00e9minine terminent 2\u00e8me pour leur 1ere ann\u00e9e de cr\u00e9ation.<\/p>\n<p><a href=\"http:\/\/douvreshandball.fr\/wp-content\/uploads\/2014\/10\/20160605_213010.jpg\"><img loading=\"lazy\" decoding=\"async\" class=\"aligncenter wp-image-483 size-medium\" src=\"http:\/\/douvreshandball.fr\/wp-content\/uploads\/2014\/10\/20160605_213010-168x300.jpg\" alt=\"20160605_213010\" width=\"168\" height=\"300\" srcset=\"https:\/\/douvreshandball.fr\/wp-content\/uploads\/2014\/10\/20160605_213010-168x300.jpg 168w, https:\/\/douvreshandball.fr\/wp-content\/uploads\/2014\/10\/20160605_213010-576x1024.jpg 576w, https:\/\/douvreshandball.fr\/wp-content\/uploads\/2014\/10\/20160605_213010-1x1.jpg 1w\" sizes=\"auto, (max-width: 168px) 100vw, 168px\" \/><\/a><\/p>\n<p><span style=\"color: #ff6600;\">D\u00e9cembre 2015 :<\/span> Le club obtient le Label Simple \u00ab \u00c9cole de Handball\u00a0\u00bb Dor\u00e9navant, le club ouvre sa cat\u00e9gorie jeune \u00e0 partir de 7\/8 ans.<\/p>\n<p><span style=\"color: #ff6600;\">Septembre 2015 :<\/span> Cr\u00e9ation d\u2019une nouvelle \u00e9quipe f\u00e9minine s\u00e9niors + 16 ans.<\/p>\n<p><a href=\"http:\/\/douvreshandball.fr\/wp-content\/uploads\/2014\/10\/Nouveau-logo-club-d\u00e9finitif.jpg\"><img loading=\"lazy\" decoding=\"async\" class=\"aligncenter wp-image-447 size-thumbnail\" src=\"http:\/\/douvreshandball.fr\/wp-content\/uploads\/2014\/10\/Nouveau-logo-club-d\u00e9finitif-150x150.jpg\" alt=\"Nouveau logo club d\u00e9finitif\" width=\"150\" height=\"150\" \/><\/a><span style=\"color: #ff6600;\">Juin 2015 :<\/span> Le club de Douvres Handball prend une nouvelle dimension\u00a0: Changement du logo et ouverture d\u2019un nouveau site internet: http:\/\/douvreshandball.fr\/<\/p>\n<p><span style=\"color: #ff6600;\">Juin 2014 :<\/span> Le club entreprend ses 1ers travaux pour l\u2019am\u00e9nagement de son club house dans un local mis \u00e0 disposition par la mairie. Club house qui sera un outil pour visionner les vid\u00e9os prises pendant nos matchs et permettra de se r\u00e9unir lors de formation interne.<\/p>\n<p><span style=\"color: #ff6600;\">Juin 2013 :<\/span> Le club de Douvres Handball a embauch\u00e9 sous contrat une joueuse de Colombelles pour venir en aide \u00e0 Dominique Denis, responsable de l\u2019\u00e9quipe des moins de 11 ans, afin de leur donner les premi\u00e8res bases de handball. Le nombre de licencies atteint la barre de 122.<\/p>\n<p><a href=\"http:\/\/douvreshandball.fr\/wp-content\/uploads\/2014\/10\/Img-Parrain.png\"><img loading=\"lazy\" decoding=\"async\" class=\"aligncenter wp-image-175 size-medium\" src=\"http:\/\/douvreshandball.fr\/wp-content\/uploads\/2014\/10\/Img-Parrain-300x195.png\" alt=\"Img-Parrain\" width=\"300\" height=\"195\" srcset=\"https:\/\/douvreshandball.fr\/wp-content\/uploads\/2014\/10\/Img-Parrain-300x195.png 300w, https:\/\/douvreshandball.fr\/wp-content\/uploads\/2014\/10\/Img-Parrain-250x162.png 250w, https:\/\/douvreshandball.fr\/wp-content\/uploads\/2014\/10\/Img-Parrain-1x1.png 1w, https:\/\/douvreshandball.fr\/wp-content\/uploads\/2014\/10\/Img-Parrain.png 400w\" sizes=\"auto, (max-width: 300px) 100vw, 300px\" \/><\/a><\/p>\n<p><span style=\"color: #ff6600;\">D\u00e9cembre 2012 :<\/span> Fan\u00e7ois Xavier Houlet devient le 1<sup>er<\/sup> parrain de l\u2019histoire du club. Fx ou Zouzou est un ancien joueur de l\u2019\u00e9quipe de France\u00a0 \u00ab\u00a0Les Barjots\u00a0\u00bb \u00e9voluant au poste de demi-centre. Il est actuellement consultant pour la cha\u00eene beIN Sports.<\/p>\n<p><span style=\"color: #ff6600;\">Juin 2011 : <\/span>L\u2019\u00e9quipe des moins de 15 ans remporte la coupe du Calvados et ponctue sa saison par un second titre, synonyme de \u00ab doubl\u00e9 Coupe \u2013 Championnat \u00bb. L\u2019aboutissement de plusieurs ann\u00e9es de travail pour ces jeunes arriv\u00e9 au club 3 ans plus t\u00f4t.<\/p>\n<p><span style=\"color: #ff6600;\">Juin 2011 : <\/span>Apr\u00e8s une ann\u00e9e riche de victoires, les moins de 15 ans A deviennent champions du Calvados Excellence. Par ailleurs, il se classent 4\u00e8me lors des finalit\u00e9s des championnats de Normandie \u00e0 Louviers.<a href=\"http:\/\/douvreshandball.fr\/wp-content\/uploads\/2014\/10\/hand-ball-douvres-logo-v3.jpg\"><img loading=\"lazy\" decoding=\"async\" class=\"aligncenter wp-image-42 size-medium\" src=\"http:\/\/douvreshandball.fr\/wp-content\/uploads\/2014\/10\/hand-ball-douvres-logo-v3-224x300.jpg\" alt=\"hand ball-douvres-logo-V3-VECTO\" width=\"224\" height=\"300\" srcset=\"https:\/\/douvreshandball.fr\/wp-content\/uploads\/2014\/10\/hand-ball-douvres-logo-v3-224x300.jpg 224w, https:\/\/douvreshandball.fr\/wp-content\/uploads\/2014\/10\/hand-ball-douvres-logo-v3-1x1.jpg 1w, https:\/\/douvreshandball.fr\/wp-content\/uploads\/2014\/10\/hand-ball-douvres-logo-v3.jpg 531w\" sizes=\"auto, (max-width: 224px) 100vw, 224px\" \/><\/a><\/p>\n<p><span style=\"color: #ff6600;\">Juin 2011 : <\/span>Apr\u00e8s la dissolution de l\u2019ASVD, le club de Hand Ball de Douvres devient autonome et est rebaptis\u00e9 Douvres Hand Ball.<\/p>\n<p><span style=\"color: #ff6600;\">Septembre 2010 : <\/span>Le club recrute un entraineur en formation qui va lui permettre de compter 2 \u00e9quipes s\u00e9niors, 1 \u00e9quipe moins de 18 ans, 1 \u00e9quipe moins de 16 ans, 2 \u00e9quipes moins de 15 ans, 1 \u00e9quipe moins de 13 ans et une \u00e9cole de Hand Ball mixte pour les plus jeunes.<\/p>\n<p><span style=\"color: #ff6600;\">Juin 2010 : <\/span>Apr\u00e8s une ann\u00e9e d\u2019apprentissage laborieuse (d\u00e9part de quelques joueurs, blessures, etc.), les seniors \u00e9voluant au niveau r\u00e9gional se voient r\u00e9trograd\u00e9s et renoueront avec le niveau d\u00e9partemental.<\/p>\n<p><span style=\"color: #ff6600;\">Juin 2009 : <\/span>3\u00e8me en championnat Pr\u00e9 r\u00e9gional, les seniors hommes acc\u00e8dent au niveau R\u00e9gional (soit 3 mont\u00e9es en autant de saisons !). Pour la premi\u00e8re fois depuis le r\u00e9veil du club, une \u00e9quipe \u00e9voluera en championnat de Normandie.<\/p>\n<p><span style=\"color: #ff6600;\">Septembre 2009 : <\/span>Le club ouvre ses portes \u00e0 une nouvelle \u00e9quipe de jeune, une \u00e9quipe de moins de 15 ans est cr\u00e9\u00e9e.<\/p>\n<p><span style=\"color: #ff6600;\">21 juin 2008 : <\/span>La seconde place obtenue en championnat Excellence d\u00e9partemental permet aux seniors hommes d\u2019acc\u00e9der \u00e0 l\u2019\u00e9chelon Pr\u00e9 r\u00e9gional.<\/p>\n<p><span style=\"color: #ff6600;\">Juin 2008 :<\/span> Les seniors hommes remportent le challenge Hnatyszyn (l\u2019\u00e9quivalent de la coupe du Calvados pour les \u00e9quipes de niveau d\u00e9partemental) et garnissent \u00e0 leur tour le palmar\u00e8s du club !<\/p>\n<p><span style=\"color: #ff6600;\">Mai 2008 : <\/span>En ponctuant leur saison par une \u00e9ni\u00e8me victoire, les moins de 13 ans remportent le championnat du Calvados Honneur et donnent au club le 1er titre de sa jeune histoire. Le palmar\u00e8s est enfin ouvert !<\/p>\n<p><span style=\"color: #ff6600;\">Septembre 2007 :<\/span> Le club ouvre ses portes aux jeunes Douvrais, d\u00e9sireux de pratiquer le Hand Ball. Avec cette nouvelle \u00e9quipe, la 3\u00e8me en autant de saisons, l\u2019ASV Douvres HB change de dimension est atteint la barre symbolique des 50 licenci\u00e9s.<\/p>\n<p><span style=\"color: #ff6600;\">Mai 2007 :<\/span> La croissance des effectifs s\u2019accompagne d\u2019une am\u00e9lioration des r\u00e9sultats. L\u2019\u00e9quipe A s\u2019octroie la 2\u00e8me place du championnat et acc\u00e8de \u00e0 l\u2019\u00e9tage sup\u00e9rieur : le championnat Excellence d\u00e9partemental.<\/p>\n<p><span style=\"color: #ff6600;\">Septembre 2006 :<\/span> Cr\u00e9ation d\u2019une seconde \u00e9quipe senior. L\u2019association passe de 22 \u00e0 35 licenci\u00e9s.<a href=\"http:\/\/douvreshandball.fr\/wp-content\/uploads\/2014\/10\/logo-asvd-hand-ball.jpg\"><img loading=\"lazy\" decoding=\"async\" class=\"aligncenter wp-image-40 size-medium\" src=\"http:\/\/douvreshandball.fr\/wp-content\/uploads\/2014\/10\/logo-asvd-hand-ball-300x75.jpg\" alt=\"logo asvd hand ball\" width=\"300\" height=\"75\" srcset=\"https:\/\/douvreshandball.fr\/wp-content\/uploads\/2014\/10\/logo-asvd-hand-ball-300x75.jpg 300w, https:\/\/douvreshandball.fr\/wp-content\/uploads\/2014\/10\/logo-asvd-hand-ball-3x1.jpg 3w, https:\/\/douvreshandball.fr\/wp-content\/uploads\/2014\/10\/logo-asvd-hand-ball.jpg 436w\" sizes=\"auto, (max-width: 300px) 100vw, 300px\" \/><\/a><span style=\"color: #ff6600;\">Juin 2005 <\/span><span style=\"color: #ff6600;\">:<\/span> Apr\u00e8s quelques ann\u00e9es de mise en sommeil, la section Hand Ball de l\u2019ASVD est r\u00e9veill\u00e9e \u00e0 Douvres la D\u00e9livrande. A cette date, l\u2019association comptait une seule et unique \u00e9quipe, engag\u00e9e en championnat s\u00e9nior Honneur d\u00e9partemental.<a href=\"http:\/\/douvreshandball.fr\/wp-content\/uploads\/2014\/10\/logo-asvd.jpg\"><img loading=\"lazy\" decoding=\"async\" class=\"aligncenter wp-image-41 size-medium\" src=\"http:\/\/douvreshandball.fr\/wp-content\/uploads\/2014\/10\/logo-asvd-300x132.jpg\" alt=\"logo-asvd\" width=\"300\" height=\"132\" srcset=\"https:\/\/douvreshandball.fr\/wp-content\/uploads\/2014\/10\/logo-asvd-300x132.jpg 300w, https:\/\/douvreshandball.fr\/wp-content\/uploads\/2014\/10\/logo-asvd-2x1.jpg 2w, https:\/\/douvreshandball.fr\/wp-content\/uploads\/2014\/10\/logo-asvd.jpg 389w\" sizes=\"auto, (max-width: 300px) 100vw, 300px\" \/><\/a><span style=\"color: #000000;\">Avant d\u2019exister sous le nom de Douvres Hand Ball, le club appartenait \u00e0 l\u2019Association Sportive de la Vaillante de Douvres la D\u00e9livrande (ASVD). L\u2019ASVD a \u00e9t\u00e9 cr\u00e9\u00e9e en 1907, et regroupait sous son \u00e9gide les 5 activit\u00e9s sportives que sont : le Basket Ball, le Hand Ball, le Judo, le Tennis et le Tennis de Table.<\/span><\/p>\n","protected":false},"excerpt":{"rendered":"<p>DOUVRES HANDBALL EN QUELQUES DATES Juillet et Aout 2021 :\u00a0Un grand merci \u00e0 toutes les Communes pour nous avoir si chaleureusement accueillis pour notre 1\u00e8re \u00e9dition du DOUVRES HANDBALL TOUR 2K21. Le r\u00e9sultat global est tr\u00e8s positif, avec 12 demi-journ\u00e9es effectu\u00e9es, sur lesquelles se sont r\u00e9partis 14 animateurs pour 36 heures de pr\u00e9sence sur les &hellip; <a href=\"https:\/\/douvreshandball.fr\/?page_id=39\" class=\"more-link\">Continuer la lecture de <span class=\"screen-reader-text\">Historique<\/span>  <span class=\"meta-nav\">&rarr;<\/span><\/a><\/p>\n","protected":false},"author":1,"featured_media":0,"parent":4,"menu_order":1,"comment_status":"closed","ping_status":"closed","template":"page-templates\/full-width.php","meta":{"footnotes":""},"class_list":["post-39","page","type-page","status-publish","hentry"],"_links":{"self":[{"href":"https:\/\/douvreshandball.fr\/index.php?rest_route=\/wp\/v2\/pages\/39","targetHints":{"allow":["GET"]}}],"collection":[{"href":"https:\/\/douvreshandball.fr\/index.php?rest_route=\/wp\/v2\/pages"}],"about":[{"href":"https:\/\/douvreshandball.fr\/index.php?rest_route=\/wp\/v2\/types\/page"}],"author":[{"embeddable":true,"href":"https:\/\/douvreshandball.fr\/index.php?rest_route=\/wp\/v2\/users\/1"}],"replies":[{"embeddable":true,"href":"https:\/\/douvreshandball.fr\/index.php?rest_route=%2Fwp%2Fv2%2Fcomments&post=39"}],"version-history":[{"count":17,"href":"https:\/\/douvreshandball.fr\/index.php?rest_route=\/wp\/v2\/pages\/39\/revisions"}],"predecessor-version":[{"id":1015,"href":"https:\/\/douvreshandball.fr\/index.php?rest_route=\/wp\/v2\/pages\/39\/revisions\/1015"}],"up":[{"embeddable":true,"href":"https:\/\/douvreshandball.fr\/index.php?rest_route=\/wp\/v2\/pages\/4"}],"wp:attachment":[{"href":"https:\/\/douvreshandball.fr\/index.php?rest_route=%2Fwp%2Fv2%2Fmedia&parent=39"}],"curies":[{"name":"wp","href":"https:\/\/api.w.org\/{rel}","templated":true}]}}