{"id":68,"date":"2014-10-10T19:46:30","date_gmt":"2014-10-10T18:46:30","guid":{"rendered":"http:\/\/douvreshandball.fr\/?page_id=68"},"modified":"2023-01-31T19:45:06","modified_gmt":"2023-01-31T18:45:06","slug":"presentation","status":"publish","type":"page","link":"https:\/\/douvreshandball.fr\/?page_id=68","title":{"rendered":"Pr\u00e9sentation"},"content":{"rendered":"<h2 style=\"text-align: center;\"><span style=\"color: #ff6600;\">Notre \u00e9quipe Baby Hand \/ Hand 1er pas\u00a0<\/span><\/h2>\n<p style=\"text-align: center;\"><strong>Anim\u00e9 par Patrick Foyer, Oscar Ecolasse, Olivier Li\u00e9gard et le concours des parents<\/strong><\/p>\n<p lang=\"nl-NL\"><span style=\"font-size: x-large;\">Paolo Bulot Nganoa, Elliot Malbaux, L\u00e9on Patin Le Fran\u00e7ois, Ma\u00eblys Li\u00e9gard, Jules Marie Jandricek, L\u00e9a Henri Rodriguez, No\u00e9 Chatt\u00e9\u00a0<\/span>\u00a0&#8230; \u00e0 suivre<\/p>\n<p style=\"text-align: left;\"><a href=\"http:\/\/douvreshandball.fr\/wp-content\/uploads\/2014\/10\/20230128_093703.jpg\"><img loading=\"lazy\" decoding=\"async\" class=\"aligncenter wp-image-1120 size-medium\" src=\"http:\/\/douvreshandball.fr\/wp-content\/uploads\/2014\/10\/20230128_093703-e1675189583764-300x225.jpg\" alt=\"\" width=\"300\" height=\"225\" srcset=\"https:\/\/douvreshandball.fr\/wp-content\/uploads\/2014\/10\/20230128_093703-e1675189583764-300x225.jpg 300w, https:\/\/douvreshandball.fr\/wp-content\/uploads\/2014\/10\/20230128_093703-e1675189583764-1024x768.jpg 1024w, https:\/\/douvreshandball.fr\/wp-content\/uploads\/2014\/10\/20230128_093703-e1675189583764-250x187.jpg 250w\" sizes=\"auto, (max-width: 300px) 100vw, 300px\" \/><\/a><\/p>\n<p>&nbsp;<\/p>\n<h2 style=\"text-align: center;\"><span style=\"color: #ff6600;\">Notre \u00e9quipe 9 ans<\/span><\/h2>\n<p style=\"text-align: center;\"><strong>Entrain\u00e9e par Patrick Foyer et Olivier Li\u00e9gard<\/strong><\/p>\n<p lang=\"nl-NL\"><span style=\"font-size: x-large;\">Lilwenn Ogor, Marius Bracqbien, Lehen Mahier, Juliette Guillon, Pierre Frimas, Louis Creveuil, Edgar Niger\u00a0<\/span>\u00a0&#8230; \u00e0 suivre<\/p>\n<p style=\"text-align: left;\"><a href=\"http:\/\/douvreshandball.fr\/wp-content\/uploads\/2014\/10\/IMG-20221127-WA00062.jpg\"><img loading=\"lazy\" decoding=\"async\" class=\"aligncenter wp-image-1122 size-medium\" src=\"http:\/\/douvreshandball.fr\/wp-content\/uploads\/2014\/10\/IMG-20221127-WA00062-300x251.jpg\" alt=\"\" width=\"300\" height=\"251\" srcset=\"https:\/\/douvreshandball.fr\/wp-content\/uploads\/2014\/10\/IMG-20221127-WA00062-300x251.jpg 300w, https:\/\/douvreshandball.fr\/wp-content\/uploads\/2014\/10\/IMG-20221127-WA00062-1024x859.jpg 1024w, https:\/\/douvreshandball.fr\/wp-content\/uploads\/2014\/10\/IMG-20221127-WA00062-250x209.jpg 250w, https:\/\/douvreshandball.fr\/wp-content\/uploads\/2014\/10\/IMG-20221127-WA00062.jpg 2048w\" sizes=\"auto, (max-width: 300px) 100vw, 300px\" \/><\/a><\/p>\n<h2 style=\"text-align: center;\"><span style=\"color: #ff6600;\">Notre \u00e9quipe 11 ans<\/span><\/h2>\n<p style=\"text-align: center;\"><strong>Entrain\u00e9e par Patrice Lazzarotti, aid\u00e9 de Patrick Foyer et Olivier Li\u00e9gard<\/strong><\/p>\n<p class=\"western\"><span style=\"font-size: x-large;\"><span lang=\"nl-NL\">Titouan Gruchy, Ana\u00efs Bitot, <\/span><\/span><span style=\"font-size: x-large;\">Johann Robert, Gabriel Didier, Alexis Guillemin, Romain Decayeux, Louis Sineust, Titouan Blanchot, Thad\u00e9e Bodard, Arthur Hervieu, Augustin Bouvier, Cl\u00e9a Dassonville, Louka Pringault, Alix Alibert\u00a0<\/span>\u00a0&#8230; \u00e0 suivre<\/p>\n<p style=\"text-align: left;\"><a href=\"http:\/\/douvreshandball.fr\/wp-content\/uploads\/2014\/10\/IMG-20221112-WA0011.jpg\"><img loading=\"lazy\" decoding=\"async\" class=\"aligncenter wp-image-1124\" src=\"http:\/\/douvreshandball.fr\/wp-content\/uploads\/2014\/10\/IMG-20221112-WA0011-300x145.jpg\" alt=\"\" width=\"300\" height=\"145\" srcset=\"https:\/\/douvreshandball.fr\/wp-content\/uploads\/2014\/10\/IMG-20221112-WA0011-300x145.jpg 300w, https:\/\/douvreshandball.fr\/wp-content\/uploads\/2014\/10\/IMG-20221112-WA0011-1024x495.jpg 1024w, https:\/\/douvreshandball.fr\/wp-content\/uploads\/2014\/10\/IMG-20221112-WA0011-250x120.jpg 250w, https:\/\/douvreshandball.fr\/wp-content\/uploads\/2014\/10\/IMG-20221112-WA0011.jpg 1600w\" sizes=\"auto, (max-width: 300px) 100vw, 300px\" \/><\/a><\/p>\n<h2 style=\"text-align: center;\"><span style=\"color: #ff6600;\">Notre \u00e9quipe de Moins de 13 ans Masculin<\/span><\/h2>\n<p style=\"text-align: center;\"><strong>Entrain\u00e9e par Cyrille Orset et Philippe Bouvier<\/strong><\/p>\n<p class=\"western\"><span style=\"font-size: x-large;\">Louis Gourdel, Briac Gruchy, Maxence Orset, Julien Crochard, Elouann Paisant, Martin Mazuet, Jules Marie, Pablo Vanderschooten, Julien Mas, Lucas Kurtz, Jules Lehouelleur, Jules Legrain, Baptiste Orset, Paul Decost\u00e8re, Joshua Sanjuan, Octave Orsel, Louis Vildary, Bouvier Victor\u00a0<\/span>\u00a0&#8230; \u00e0 suivre<\/p>\n<p style=\"text-align: left;\"><a href=\"http:\/\/douvreshandball.fr\/wp-content\/uploads\/2014\/10\/13-ans-M-Cherbourg-2.jpg\"><img loading=\"lazy\" decoding=\"async\" class=\"aligncenter wp-image-1126 size-medium\" src=\"http:\/\/douvreshandball.fr\/wp-content\/uploads\/2014\/10\/13-ans-M-Cherbourg-2-300x145.jpg\" alt=\"\" width=\"300\" height=\"145\" srcset=\"https:\/\/douvreshandball.fr\/wp-content\/uploads\/2014\/10\/13-ans-M-Cherbourg-2-300x145.jpg 300w, https:\/\/douvreshandball.fr\/wp-content\/uploads\/2014\/10\/13-ans-M-Cherbourg-2-1024x495.jpg 1024w, https:\/\/douvreshandball.fr\/wp-content\/uploads\/2014\/10\/13-ans-M-Cherbourg-2-250x120.jpg 250w, https:\/\/douvreshandball.fr\/wp-content\/uploads\/2014\/10\/13-ans-M-Cherbourg-2.jpg 1600w\" sizes=\"auto, (max-width: 300px) 100vw, 300px\" \/><\/a><\/p>\n<h2 style=\"text-align: center;\"><span style=\"color: #ff6600;\">Notre \u00e9quipe de Moins de 13 ans F\u00e9minin<\/span><\/h2>\n<p style=\"text-align: center;\"><strong>Entrain\u00e9e par Patrick Foyer et Olivier Li\u00e9gard<\/strong><\/p>\n<p class=\"western\"><span style=\"font-size: x-large;\">Louise Malbaux, Lilah Simon, Malou Feret Couteau, Pauline Gourdel, Louise Marie, In\u00e8s Tacher, Louane Hammamouche, L\u00e9ane Mancel, Erine Sautrel, Agathe Larsonneur, Emma Flocher, Lisa Le Benoist, Ma\u00ebva Tacher, Louise Rivaux\u00a0<\/span>&#8230; \u00e0 suivre<\/p>\n<p style=\"text-align: left;\"><a href=\"http:\/\/douvreshandball.fr\/wp-content\/uploads\/2014\/10\/IMG-20221015-WA0002.jpg\"><img loading=\"lazy\" decoding=\"async\" class=\"aligncenter wp-image-1128 size-medium\" src=\"http:\/\/douvreshandball.fr\/wp-content\/uploads\/2014\/10\/IMG-20221015-WA0002-300x225.jpg\" alt=\"\" width=\"300\" height=\"225\" srcset=\"https:\/\/douvreshandball.fr\/wp-content\/uploads\/2014\/10\/IMG-20221015-WA0002-300x225.jpg 300w, https:\/\/douvreshandball.fr\/wp-content\/uploads\/2014\/10\/IMG-20221015-WA0002-1024x768.jpg 1024w, https:\/\/douvreshandball.fr\/wp-content\/uploads\/2014\/10\/IMG-20221015-WA0002-250x187.jpg 250w, https:\/\/douvreshandball.fr\/wp-content\/uploads\/2014\/10\/IMG-20221015-WA0002.jpg 1600w\" sizes=\"auto, (max-width: 300px) 100vw, 300px\" \/><\/a><\/p>\n<h2 style=\"text-align: center;\"><span style=\"color: #ff6600;\">Notre \u00e9quipe de &#8211; 15 ans Masculin<\/span><\/h2>\n<p style=\"text-align: center;\"><strong>Entrain\u00e9e par Courseulles\u00a0<\/strong><\/p>\n<p class=\"western\"><span style=\"font-size: x-large;\">Mathis Lambert Pringeult, Lucas Le Cordier, Antonin Bourhis, Marin Esvan, Titouan Courbe, Aron Louisir, Alban Saint Clair, Gabriel Marot, Jules Decost\u00e8re, Paul D\u00e9tr\u00e9, Louis Benichon + Entente Courseulles et Ouistreham\u00a0<\/span>\u00a0 &#8230; \u00e0 suivre<\/p>\n<p style=\"text-align: left;\"><a href=\"http:\/\/douvreshandball.fr\/wp-content\/uploads\/2014\/10\/d70fdc1f-1.jpg\"><img loading=\"lazy\" decoding=\"async\" class=\"aligncenter wp-image-1130 size-medium\" src=\"http:\/\/douvreshandball.fr\/wp-content\/uploads\/2014\/10\/d70fdc1f-1-300x168.jpg\" alt=\"\" width=\"300\" height=\"168\" srcset=\"https:\/\/douvreshandball.fr\/wp-content\/uploads\/2014\/10\/d70fdc1f-1-300x168.jpg 300w, https:\/\/douvreshandball.fr\/wp-content\/uploads\/2014\/10\/d70fdc1f-1-1024x576.jpg 1024w, https:\/\/douvreshandball.fr\/wp-content\/uploads\/2014\/10\/d70fdc1f-1-250x140.jpg 250w, https:\/\/douvreshandball.fr\/wp-content\/uploads\/2014\/10\/d70fdc1f-1.jpg 1600w\" sizes=\"auto, (max-width: 300px) 100vw, 300px\" \/><\/a><\/p>\n<h2 style=\"text-align: center;\">\u00a0<span style=\"color: #ff6600;\">Notre \u00e9quipe de Moins de 15 ans F\u00e9minin<\/span><\/h2>\n<p style=\"text-align: center;\"><strong>Entrain\u00e9e par S\u00e9bastien Mancel, aid\u00e9 de Mycka\u00ebl Herry, Hugo Denis et Yohann Roy<\/strong><\/p>\n<p><span style=\"font-size: x-large;\">Rose Goubaux, Elisa Louvet, Eilenn Nicolas, Emma Foucault, Sophie Voeltzel, Oc\u00e9ane Boulle, Ana\u00efs Boulle, Juliette Lemi\u00e8gre, Manon Mas, Annabelle Lelievre, H\u00e9l\u00e9a Quiquemelle, Emma Hubert, Lola Kurtz, C\u00e9cilia Lef\u00e8vre, Jalia Bineli Mvogo, Amandine Guilloux, Marie Frimas\u00a0<\/span>&#8230; \u00e0 suivre<\/p>\n<p style=\"text-align: left;\"><a href=\"http:\/\/douvreshandball.fr\/wp-content\/uploads\/2014\/10\/syrzy7869eu3mfu1220230116164113.jpeg.jpg\"><img loading=\"lazy\" decoding=\"async\" class=\"aligncenter wp-image-1132 size-medium\" src=\"http:\/\/douvreshandball.fr\/wp-content\/uploads\/2014\/10\/syrzy7869eu3mfu1220230116164113.jpeg-300x225.jpg\" alt=\"\" width=\"300\" height=\"225\" \/><\/a><\/p>\n<h2 style=\"text-align: center;\">\u00a0<span style=\"color: #ff6600;\">Notre \u00e9quipe de &#8211; 17 ans Masculin<\/span><\/h2>\n<p style=\"text-align: center;\"><strong>\u00a0Entrain\u00e9e par Ouistreham<\/strong><\/p>\n<p><span style=\"font-size: x-large;\">Bastien Denis, Rapha\u00ebl Marot, Rapha\u00ebl Kouedy Fossoux, Lucas Lefebvre, Titouan Laroche, Mah\u00e9 Berten, Tim\u00e9o Cussy Ma\u00e9 Berten + Entente Courseulles et Ouistreham\u00a0<\/span>\u00a0&#8230; \u00e0 suivre<\/p>\n<p style=\"text-align: center;\"><a href=\"http:\/\/douvreshandball.fr\/wp-content\/uploads\/2014\/10\/20230125_194139.jpg\"><img loading=\"lazy\" decoding=\"async\" class=\"alignnone wp-image-1134 size-medium\" src=\"http:\/\/douvreshandball.fr\/wp-content\/uploads\/2014\/10\/20230125_194139-300x225.jpg\" alt=\"\" width=\"300\" height=\"225\" srcset=\"https:\/\/douvreshandball.fr\/wp-content\/uploads\/2014\/10\/20230125_194139-300x225.jpg 300w, https:\/\/douvreshandball.fr\/wp-content\/uploads\/2014\/10\/20230125_194139-1024x768.jpg 1024w, https:\/\/douvreshandball.fr\/wp-content\/uploads\/2014\/10\/20230125_194139-250x187.jpg 250w\" sizes=\"auto, (max-width: 300px) 100vw, 300px\" \/><\/a><\/p>\n<h2 style=\"text-align: center;\"><\/h2>\n<h2 style=\"text-align: center;\"><span style=\"color: #ff6600;\">Notre \u00e9quipe de &#8211; 17 ans M F\u00e9minine<\/span><\/h2>\n<p style=\"text-align: center;\"><strong>\u00a0Entrain\u00e9e par S\u00e9bastien Mancel, aid\u00e9 de Mycka\u00ebl Herry, Hugo Denis et Yohann Roy<\/strong><\/p>\n<p class=\"western\"><span style=\"font-size: x-large;\">Isabella Reusser, <\/span><span style=\"font-size: x-large;\">Lilou Lecerf, Margot Favier, Louise Et\u00e9v\u00e9, Thyphaine Martor, Albane Le Benoist + RTE Courseulles\u00a0: L\u00e9ana Le Fran\u00e7ois, C\u00e9lia Le Fran\u00e7ois, Glawdys Burel<span style=\"font-size: x-large;\">\u00a0<\/span><\/span><\/p>\n<p style=\"text-align: center;\"><a href=\"http:\/\/douvreshandball.fr\/wp-content\/uploads\/2014\/10\/syrzy7869eu3mfu1220230116164113.jpeg1.jpg\"><img loading=\"lazy\" decoding=\"async\" class=\"aligncenter wp-image-1136 size-medium\" src=\"http:\/\/douvreshandball.fr\/wp-content\/uploads\/2014\/10\/syrzy7869eu3mfu1220230116164113.jpeg1-300x225.jpg\" alt=\"\" width=\"300\" height=\"225\" srcset=\"https:\/\/douvreshandball.fr\/wp-content\/uploads\/2014\/10\/syrzy7869eu3mfu1220230116164113.jpeg1-300x225.jpg 300w, https:\/\/douvreshandball.fr\/wp-content\/uploads\/2014\/10\/syrzy7869eu3mfu1220230116164113.jpeg1-250x187.jpg 250w, https:\/\/douvreshandball.fr\/wp-content\/uploads\/2014\/10\/syrzy7869eu3mfu1220230116164113.jpeg1.jpg 512w\" sizes=\"auto, (max-width: 300px) 100vw, 300px\" \/><\/a><\/p>\n<h2 style=\"text-align: center;\">\u00a0<span style=\"color: #ff6600;\">Notre \u00e9quipe Senior F\u00e9minine<\/span><\/h2>\n<p style=\"text-align: center;\"><b>Entrain\u00e9e par S\u00e9bastien\u00a0Mancel<\/b><\/p>\n<p lang=\"nl-NL\"><span style=\"font-size: x-large;\">Marie Bazeille, Morgane Bazeille, Lison Godet, Elsa Marmontel, Abila (Cathy) Nganoa, Ga\u00eblle Ogor Petton, Pauline Morvan, Delphine Hansel, Pauline Chamard Boudet, Elsa Maitre, Claire Thiriez, Ingrid Cheruel, Leila Chourak, Fanny Julien, Aur\u00e9lie Ecalard, M\u00e9lia Sobeski, La\u00e9titia Legros, Alisson Duhamel, S\u00e9verine Letellier, Laurette Guernier, Pauline Ducoulombier, Pauline Leroy, Anne-Lou Biau, Laura Descharmes, Marie Trocheris, Nathalie Mancel, Camille Desvages\u00a0<\/span>\u00a0 \u00a0&#8230; \u00e0 suivre<\/p>\n<p style=\"text-align: left;\"><a href=\"http:\/\/douvreshandball.fr\/wp-content\/uploads\/2014\/10\/skp9hm3rohtprs1b120230116164113.jpeg.jpg\"><img loading=\"lazy\" decoding=\"async\" class=\"aligncenter wp-image-1140 size-medium\" src=\"http:\/\/douvreshandball.fr\/wp-content\/uploads\/2014\/10\/skp9hm3rohtprs1b120230116164113.jpeg-300x225.jpg\" alt=\"\" width=\"300\" height=\"225\" srcset=\"https:\/\/douvreshandball.fr\/wp-content\/uploads\/2014\/10\/skp9hm3rohtprs1b120230116164113.jpeg-300x225.jpg 300w, https:\/\/douvreshandball.fr\/wp-content\/uploads\/2014\/10\/skp9hm3rohtprs1b120230116164113.jpeg-250x187.jpg 250w, https:\/\/douvreshandball.fr\/wp-content\/uploads\/2014\/10\/skp9hm3rohtprs1b120230116164113.jpeg.jpg 512w\" sizes=\"auto, (max-width: 300px) 100vw, 300px\" \/><\/a><\/p>\n<h2 style=\"text-align: center;\">\u00a0<span style=\"color: #ff6600;\">Notre \u00e9quipe Senior Masculine<\/span><\/h2>\n<p style=\"text-align: center;\"><strong>Entrain\u00e9e par<\/strong>\u00a0Romain Le Prevost<\/p>\n<p><span style=\"font-family: 'Times New Roman', serif;\"><span style=\"font-size: x-large;\">Fabien Augier, Romain Le Prevost, <span style=\"color: #000000;\">Hermann Nobilet, Paul Kozlyk, Romain Cauvin, Baptiste Hervieu, Micha\u00ebl Herry, Zakaria Dahi, Lucien Launay, Hugo Denis, Maxence Doumos, Alexis Foyer, Pierre Lazzarotti, Kevin Le Prevost, Baptiste Chuiton, S\u00e9bastien Mancel, Yohann Roy, Th\u00e9o Perseq, Julien Langlois, Philippe Bouvier, C\u00e9dric Boulier, Oscar Ecolasse, Dominik Lux, Louis Buisard, Fancis Boulle, Mathis Chaumier, Nathan Richer, Nguyen The Huy, Pierre Outrequin\u00a0<\/span><\/span><\/span>\u00a0&#8230; \u00e0 suivre<\/p>\n<p style=\"text-align: center;\"><a href=\"http:\/\/douvreshandball.fr\/wp-content\/uploads\/2014\/10\/SM-3.jpg\"><img loading=\"lazy\" decoding=\"async\" class=\"aligncenter wp-image-1138 size-medium\" src=\"http:\/\/douvreshandball.fr\/wp-content\/uploads\/2014\/10\/SM-3-300x254.jpg\" alt=\"\" width=\"300\" height=\"254\" srcset=\"https:\/\/douvreshandball.fr\/wp-content\/uploads\/2014\/10\/SM-3-300x254.jpg 300w, https:\/\/douvreshandball.fr\/wp-content\/uploads\/2014\/10\/SM-3-250x211.jpg 250w, https:\/\/douvreshandball.fr\/wp-content\/uploads\/2014\/10\/SM-3.jpg 1024w\" sizes=\"auto, (max-width: 300px) 100vw, 300px\" \/><\/a><\/p>\n","protected":false},"excerpt":{"rendered":"<p>Notre \u00e9quipe Baby Hand \/ Hand 1er pas\u00a0 Anim\u00e9 par Patrick Foyer, Oscar Ecolasse, Olivier Li\u00e9gard et le concours des parents Paolo Bulot Nganoa, Elliot Malbaux, L\u00e9on Patin Le Fran\u00e7ois, Ma\u00eblys Li\u00e9gard, Jules Marie Jandricek, L\u00e9a Henri Rodriguez, No\u00e9 Chatt\u00e9\u00a0\u00a0&#8230; \u00e0 suivre &nbsp; Notre \u00e9quipe 9 ans Entrain\u00e9e par Patrick Foyer et Olivier Li\u00e9gard Lilwenn &hellip; <a href=\"https:\/\/douvreshandball.fr\/?page_id=68\" class=\"more-link\">Continuer la lecture de <span class=\"screen-reader-text\">Pr\u00e9sentation<\/span>  <span class=\"meta-nav\">&rarr;<\/span><\/a><\/p>\n","protected":false},"author":1,"featured_media":0,"parent":61,"menu_order":1,"comment_status":"closed","ping_status":"closed","template":"page-templates\/full-width.php","meta":{"footnotes":""},"class_list":["post-68","page","type-page","status-publish","hentry"],"_links":{"self":[{"href":"https:\/\/douvreshandball.fr\/index.php?rest_route=\/wp\/v2\/pages\/68","targetHints":{"allow":["GET"]}}],"collection":[{"href":"https:\/\/douvreshandball.fr\/index.php?rest_route=\/wp\/v2\/pages"}],"about":[{"href":"https:\/\/douvreshandball.fr\/index.php?rest_route=\/wp\/v2\/types\/page"}],"author":[{"embeddable":true,"href":"https:\/\/douvreshandball.fr\/index.php?rest_route=\/wp\/v2\/users\/1"}],"replies":[{"embeddable":true,"href":"https:\/\/douvreshandball.fr\/index.php?rest_route=%2Fwp%2Fv2%2Fcomments&post=68"}],"version-history":[{"count":83,"href":"https:\/\/douvreshandball.fr\/index.php?rest_route=\/wp\/v2\/pages\/68\/revisions"}],"predecessor-version":[{"id":1141,"href":"https:\/\/douvreshandball.fr\/index.php?rest_route=\/wp\/v2\/pages\/68\/revisions\/1141"}],"up":[{"embeddable":true,"href":"https:\/\/douvreshandball.fr\/index.php?rest_route=\/wp\/v2\/pages\/61"}],"wp:attachment":[{"href":"https:\/\/douvreshandball.fr\/index.php?rest_route=%2Fwp%2Fv2%2Fmedia&parent=68"}],"curies":[{"name":"wp","href":"https:\/\/api.w.org\/{rel}","templated":true}]}}