{"id":99,"date":"2014-10-10T23:21:03","date_gmt":"2014-10-10T22:21:03","guid":{"rendered":"http:\/\/douvreshandball.fr\/?page_id=99"},"modified":"2023-08-24T21:09:13","modified_gmt":"2023-08-24T20:09:13","slug":"actualites","status":"publish","type":"page","link":"https:\/\/douvreshandball.fr\/","title":{"rendered":"Actualit\u00e9s"},"content":{"rendered":"<h2><span style=\"color: #ff6600;\">PassSport<\/span><\/h2>\n<p>Votre enfant a plus de 6 ans et veut faire du sport \u00e0 la rentr\u00e9e ?<\/p>\n<p>B\u00e9n\u00e9ficiez d\u2019une d\u00e9duction de <strong><span style=\"color: #0000ff;\">50 \u20ac<\/span><\/strong> pour l\u2019inscrire dans un club gr\u00e2ce au Pass\u2019Sport.<\/p>\n<p>Toutes les informations sur <a href=\"https:\/\/www.sports.gouv.fr\/pass-sport-une-aide-financiere-la-pratique-sportive-295\">www.sports.gouv.fr\/pass-sport<\/a><\/p>\n<h2><a href=\"http:\/\/douvreshandball.fr\/wp-content\/uploads\/2014\/10\/Capture-d\u2019e\u0301cran-2023-08-08-a\u0300-21.55.33.png\"><img loading=\"lazy\" decoding=\"async\" class=\"alignnone size-medium wp-image-1193\" src=\"http:\/\/douvreshandball.fr\/wp-content\/uploads\/2014\/10\/Capture-d\u2019e\u0301cran-2023-08-08-a\u0300-21.55.33-251x300.png\" alt=\"Capture d\u2019e\u0301cran 2023-08-08 a\u0300 21.55.33\" width=\"251\" height=\"300\" srcset=\"https:\/\/douvreshandball.fr\/wp-content\/uploads\/2014\/10\/Capture-d\u2019e\u0301cran-2023-08-08-a\u0300-21.55.33-251x300.png 251w, https:\/\/douvreshandball.fr\/wp-content\/uploads\/2014\/10\/Capture-d\u2019e\u0301cran-2023-08-08-a\u0300-21.55.33.png 513w\" sizes=\"auto, (max-width: 251px) 100vw, 251px\" \/><\/a><\/h2>\n<h2>&#8212;<\/h2>\n<h2><span style=\"color: #ff6600;\">Licences 2023-24<\/span><\/h2>\n<p>Bonne nouvelle, l&rsquo;ouverture des licences 2023-24 a d\u00e9but\u00e9 !!!<\/p>\n<p>Si vous souhaitez rejoindre le Douvres HandBall Club, vous pouvez nous contacter \u00e0 l&rsquo;adresse\u00a0\u00a0<strong><span style=\"color: #3366ff;\">dhb.communication@gmail.com<\/span><\/strong>.<\/p>\n<p>A tr\u00e8s bient\u00f4t sur le terrain.<\/p>\n<h2>&#8212;<\/h2>\n<h2><span style=\"color: #ff6600;\">Handball Summer Tour\u00a02023<\/span><\/h2>\n<p>Tout l&rsquo;\u00e9t\u00e9,\u00a0venez partager votre passion pour le handball. Nous accueillons tous les jeunes \u00e0 partir de 8 ans\u00a0pour une initiation au Handball.<\/p>\n<ul>\n<li>Le 10 juillet \u00e0 Mathieu de 14h00 \u00e0 17h00<\/li>\n<li>Le 11 juillet \u00e0 Luc sur mer de 10h00 \u00e0 12h00<\/li>\n<li>Le 18 juillet \u00e0 Hermanville sur mer de 14h00 \u00e0 17h00<\/li>\n<li>Le 20 juillet \u00e0 Langrune sur mer de 14h00 \u00e0 17h00<\/li>\n<li>Le 16 ao\u00fbt \u00e0 Bally de 14h00 \u00e0 17h00<\/li>\n<li>Le 21 ao\u00fbt \u00e0 Cresserons de 14h00 \u00e0 17h00<\/li>\n<li>Le 22 ao\u00fbt \u00e0 Luc sur mer de 14h00 \u00e0 17h00<\/li>\n<li>Le 23 ao\u00fbt \u00e0 Langrune sur mer de 14h00 \u00e0 17h00<\/li>\n<li>Le 24 ao\u00fbt \u00e0 St Aubin de 14h00 \u00e0 17h00<\/li>\n<li>Le 25 ao\u00fbt \u00e0 Douvres la Delivrande de 14h00 \u00e0 17h00<\/li>\n<\/ul>\n<p>Pour plus d&rsquo;informations\u00a0contactez nous \u00e0 l&rsquo;adresse dhb.communication@gmail.com.<\/p>\n<h2>&#8212;<\/h2>\n<h2><strong><span style=\"color: #ff6600;\">Assembl\u00e9e G\u00e9n\u00e9rale Ordinaire 23 juin 2023<\/span><\/strong><\/h2>\n<p>&nbsp;<\/p>\n<h2><a href=\"http:\/\/douvreshandball.fr\/wp-content\/uploads\/2014\/10\/AG-23-juin-2023-Bureau-Logo.jpg\"><img loading=\"lazy\" decoding=\"async\" class=\"aligncenter wp-image-1177 size-medium\" src=\"http:\/\/douvreshandball.fr\/wp-content\/uploads\/2014\/10\/AG-23-juin-2023-Bureau-Logo-241x300.jpg\" alt=\"AG 23 juin 2023 Bureau Logo\" width=\"241\" height=\"300\" srcset=\"https:\/\/douvreshandball.fr\/wp-content\/uploads\/2014\/10\/AG-23-juin-2023-Bureau-Logo-241x300.jpg 241w, https:\/\/douvreshandball.fr\/wp-content\/uploads\/2014\/10\/AG-23-juin-2023-Bureau-Logo-823x1024.jpg 823w, https:\/\/douvreshandball.fr\/wp-content\/uploads\/2014\/10\/AG-23-juin-2023-Bureau-Logo-250x310.jpg 250w, https:\/\/douvreshandball.fr\/wp-content\/uploads\/2014\/10\/AG-23-juin-2023-Bureau-Logo.jpg 1576w\" sizes=\"auto, (max-width: 241px) 100vw, 241px\" \/><\/a><\/h2>\n<h2><\/h2>\n<h2>&#8212;<\/h2>\n<h2><strong><span style=\"color: #ff6600;\">COUPE DE FRANCE DEPARTEMENTALE FEMININE<\/span><\/strong><strong><span style=\"color: #ff6600;\">\u00a0<\/span><\/strong><\/h2>\n<p style=\"text-align: center;\"><strong><span style=\"color: #ff6600;\">HotelAccors Ar\u00e9na Paris Bercy 27 mai 2017<\/span><\/strong><\/p>\n<p style=\"text-align: center;\"><a href=\"http:\/\/douvreshandball.fr\/wp-content\/uploads\/2014\/10\/Coupe-de-France.jpg\"><img loading=\"lazy\" decoding=\"async\" class=\"alignnone size-large wp-image-498\" src=\"http:\/\/douvreshandball.fr\/wp-content\/uploads\/2014\/10\/Coupe-de-France-1024x682.jpg\" alt=\"Coupe de France\" width=\"654\" height=\"435\" srcset=\"https:\/\/douvreshandball.fr\/wp-content\/uploads\/2014\/10\/Coupe-de-France-1024x682.jpg 1024w, https:\/\/douvreshandball.fr\/wp-content\/uploads\/2014\/10\/Coupe-de-France-300x199.jpg 300w, https:\/\/douvreshandball.fr\/wp-content\/uploads\/2014\/10\/Coupe-de-France-250x166.jpg 250w, https:\/\/douvreshandball.fr\/wp-content\/uploads\/2014\/10\/Coupe-de-France-1x1.jpg 1w, https:\/\/douvreshandball.fr\/wp-content\/uploads\/2014\/10\/Coupe-de-France.jpg 2048w\" sizes=\"auto, (max-width: 654px) 100vw, 654px\" \/><\/a><\/p>\n<h2 style=\"text-align: left;\"><\/h2>\n<p style=\"text-align: left;\">\n","protected":false},"excerpt":{"rendered":"<p>PassSport Votre enfant a plus de 6 ans et veut faire du sport \u00e0 la rentr\u00e9e ? B\u00e9n\u00e9ficiez d\u2019une d\u00e9duction de 50 \u20ac pour l\u2019inscrire dans un club gr\u00e2ce au Pass\u2019Sport. Toutes les informations sur www.sports.gouv.fr\/pass-sport &#8212; Licences 2023-24 Bonne nouvelle, l&rsquo;ouverture des licences 2023-24 a d\u00e9but\u00e9 !!! Si vous souhaitez rejoindre le Douvres HandBall &hellip; <a href=\"https:\/\/douvreshandball.fr\/\" class=\"more-link\">Continuer la lecture de <span class=\"screen-reader-text\">Actualit\u00e9s<\/span>  <span class=\"meta-nav\">&rarr;<\/span><\/a><\/p>\n","protected":false},"author":1,"featured_media":0,"parent":0,"menu_order":0,"comment_status":"closed","ping_status":"closed","template":"","meta":{"footnotes":""},"class_list":["post-99","page","type-page","status-publish","hentry"],"_links":{"self":[{"href":"https:\/\/douvreshandball.fr\/index.php?rest_route=\/wp\/v2\/pages\/99","targetHints":{"allow":["GET"]}}],"collection":[{"href":"https:\/\/douvreshandball.fr\/index.php?rest_route=\/wp\/v2\/pages"}],"about":[{"href":"https:\/\/douvreshandball.fr\/index.php?rest_route=\/wp\/v2\/types\/page"}],"author":[{"embeddable":true,"href":"https:\/\/douvreshandball.fr\/index.php?rest_route=\/wp\/v2\/users\/1"}],"replies":[{"embeddable":true,"href":"https:\/\/douvreshandball.fr\/index.php?rest_route=%2Fwp%2Fv2%2Fcomments&post=99"}],"version-history":[{"count":59,"href":"https:\/\/douvreshandball.fr\/index.php?rest_route=\/wp\/v2\/pages\/99\/revisions"}],"predecessor-version":[{"id":1211,"href":"https:\/\/douvreshandball.fr\/index.php?rest_route=\/wp\/v2\/pages\/99\/revisions\/1211"}],"wp:attachment":[{"href":"https:\/\/douvreshandball.fr\/index.php?rest_route=%2Fwp%2Fv2%2Fmedia&parent=99"}],"curies":[{"name":"wp","href":"https:\/\/api.w.org\/{rel}","templated":true}]}}